{"id":12,"date":"2024-01-21T09:19:50","date_gmt":"2024-01-21T15:19:50","guid":{"rendered":"https:\/\/mavdesignscr.com\/?page_id=12"},"modified":"2024-03-12T13:27:50","modified_gmt":"2024-03-12T19:27:50","slug":"cambios","status":"publish","type":"page","link":"https:\/\/mavdesignscr.com\/en\/cambios\/","title":{"rendered":"Pol\u00edtica de Cambios"},"content":{"rendered":"<div data-elementor-type=\"wp-page\" data-elementor-id=\"12\" class=\"elementor elementor-12\" data-elementor-settings=\"{&quot;premium_particles_zindex&quot;:0,&quot;premium_particles_responsive&quot;:[&quot;desktop&quot;,&quot;tablet&quot;,&quot;mobile&quot;]}\" data-elementor-post-type=\"page\">\n\t\t\t\t<div class=\"elementor-element elementor-element-17f511ed e-con-full e-flex e-con e-parent\" data-id=\"17f511ed\" data-element_type=\"container\" data-settings=\"{&quot;premium_particles_zindex&quot;:0,&quot;premium_particles_responsive&quot;:[&quot;desktop&quot;,&quot;tablet&quot;,&quot;mobile&quot;]}\">\n\t\t\t\t<div class=\"elementor-element elementor-element-7dbb6f2 elementor-widget elementor-widget-shortcode\" data-id=\"7dbb6f2\" data-element_type=\"widget\" data-widget_type=\"shortcode.default\">\n\t\t\t\t<div class=\"elementor-widget-container\">\n\t\t\t\t\t<div class=\"elementor-shortcode\">\t\t<div data-elementor-type=\"section\" data-elementor-id=\"3711\" class=\"elementor elementor-3711\" data-elementor-settings=\"{&quot;premium_particles_zindex&quot;:0,&quot;premium_particles_responsive&quot;:[&quot;desktop&quot;,&quot;tablet&quot;,&quot;mobile&quot;]}\" data-elementor-post-type=\"elementor_library\">\n\t\t\t\t\t<div class=\"elementor-section-wrap\">\n\t\t\t\t\t\t<div class=\"elementor-element elementor-element-b6fa05f e-con-full e-flex e-con e-parent\" data-id=\"b6fa05f\" data-element_type=\"container\" data-settings=\"{&quot;premium_particles_zindex&quot;:0,&quot;premium_particles_responsive&quot;:[&quot;desktop&quot;,&quot;tablet&quot;,&quot;mobile&quot;]}\">\n\t\t\t\t<div class=\"elementor-element elementor-element-530b337 elementor-widget elementor-widget-text-editor\" data-id=\"530b337\" data-element_type=\"widget\" data-widget_type=\"text-editor.default\">\n\t\t\t\t<div class=\"elementor-widget-container\">\n\t\t\t<style>\/*! elementor - v3.22.0 - 24-06-2024 *\/\n.elementor-widget-text-editor.elementor-drop-cap-view-stacked .elementor-drop-cap{background-color:#69727d;color:#fff}.elementor-widget-text-editor.elementor-drop-cap-view-framed .elementor-drop-cap{color:#69727d;border:3px solid;background-color:transparent}.elementor-widget-text-editor:not(.elementor-drop-cap-view-default) .elementor-drop-cap{margin-top:8px}.elementor-widget-text-editor:not(.elementor-drop-cap-view-default) .elementor-drop-cap-letter{width:1em;height:1em}.elementor-widget-text-editor .elementor-drop-cap{float:left;text-align:center;line-height:1;font-size:50px}.elementor-widget-text-editor .elementor-drop-cap-letter{display:inline-block}<\/style>\t\t\t\t<h4><strong>Nuestras compras son en firme y NO hacemos devoluciones de dinero o cambios por gusto del cliente.<\/strong><\/h4><h3><strong>Garant\u00eda de compras<\/strong><\/h3><p>Con respecto a garant\u00eda de nuestras prendas, es una figura de aplicaci\u00f3n obligatoria para todo comerciante de conformidad con lo establecido por el 43 de la Ley de Promoci\u00f3n de la Competencia y Defensa Efectiva del Consumidor (Ley del Consumidor de Costa Rica), seg\u00fan la norma, todo bien que se venda o servicio que se preste debe estar impl\u00edcitamente garantizado por El Comercio en cuanto al cumplimiento de los est\u00e1ndares de calidad y los requerimientos t\u00e9cnicos que, por razones de salud, medio ambiente y seguridad que establezcan las leyes y las normas respectivas, dictadas por la Administraci\u00f3n P\u00fablica.<\/p><p>La Pol\u00edtica de Cambios se refiere a cambios por un defecto de la prenda y\/o cambio por talla y NO por gusto del cliente<strong>.<\/strong><\/p><h4><strong>Cuando aplica para cambios:<\/strong><\/h4><ul><li>Si la prenda tiene defectos de f\u00e1brica<\/li><li>Cambios por talla<\/li><\/ul><p>Puedes cambiar tu prenda si no te qued\u00f3 por la talla correcta, Si no hay disponible porque est\u00e1 agotado el estilo, puedes buscar otra prenda de tu talla y pagar la diferencia.<\/p><h4><strong>Condiciones para cambios<\/strong>:<\/h4><ul><li>Presentar tiquete de compra<\/li><li>Debe que venir con etiqueta<\/li><li>No puedes estar usada ni manchada<\/li><li>Tienes un mes de tiempo para el cambio<\/li><\/ul><p>Si no encontraste algo de tu talla. no te preocupes, nuestras asesoras te avisar\u00e1n cuando entre mercader\u00eda nueva para que puedas cambiar el estilo, pedimos mercader\u00eda nueva cada 22 d\u00edas.<\/p><h4><strong>Reembolsos:<\/strong><\/h4><p><strong>Nuestras compras son en firme y NO hacemos devoluciones de dinero<\/strong>, si su solicitud de reebolso cumple con los t\u00e9rminos y condiciones de la tienda, <span style=\"text-decoration: underline;\">procesaremos el reembolso de acuerdo con el m\u00e9todo de pago original utilizado para la compra, <strong>descontando un 10%<\/strong> equivalente al costo de procesamiento bancario y el costo administrativo sobre el monto total de la compra sin excepciones<\/span>.<\/p><h3><strong>Consultas<\/strong><\/h3><p>Para cualquier consulta por favor comun\u00edquese con nosotros a:<\/p><ul><li><a href=\"mailto:tienda@mavdesignscr.com\">tienda@mavdesignscr.com<\/a> o al nuestro de WhatsApp: <a href=\"https:\/\/wa.me\/50661700805\" target=\"_blank\" rel=\"noopener\">6170-0805<\/a><\/li><li><strong>Horarios de atenci\u00f3n de consultas:<\/strong> De Lunes a Viernes de 9:00am a 5:00pm y S\u00e1bados de 9:00am a 12:00md.<\/li><\/ul>\t\t\t\t\t\t<\/div>\n\t\t\t\t<\/div>\n\t\t\t\t<\/div>\n\t\t\t\t\t\t\t<\/div>\n\t\t\t\t<\/div>\n\t\t<\/div>\n\t\t\t\t<\/div>\n\t\t\t\t<\/div>\n\t\t\t\t<\/div>\n\t\t\t\t<\/div>","protected":false},"excerpt":{"rendered":"","protected":false},"author":2,"featured_media":0,"parent":0,"menu_order":0,"comment_status":"closed","ping_status":"closed","template":"","meta":{"footnotes":""},"class_list":["post-12","page","type-page","status-publish","hentry"],"_links":{"self":[{"href":"https:\/\/mavdesignscr.com\/en\/wp-json\/wp\/v2\/pages\/12","targetHints":{"allow":["GET"]}}],"collection":[{"href":"https:\/\/mavdesignscr.com\/en\/wp-json\/wp\/v2\/pages"}],"about":[{"href":"https:\/\/mavdesignscr.com\/en\/wp-json\/wp\/v2\/types\/page"}],"author":[{"embeddable":true,"href":"https:\/\/mavdesignscr.com\/en\/wp-json\/wp\/v2\/users\/2"}],"replies":[{"embeddable":true,"href":"https:\/\/mavdesignscr.com\/en\/wp-json\/wp\/v2\/comments?post=12"}],"version-history":[{"count":10,"href":"https:\/\/mavdesignscr.com\/en\/wp-json\/wp\/v2\/pages\/12\/revisions"}],"predecessor-version":[{"id":3761,"href":"https:\/\/mavdesignscr.com\/en\/wp-json\/wp\/v2\/pages\/12\/revisions\/3761"}],"wp:attachment":[{"href":"https:\/\/mavdesignscr.com\/en\/wp-json\/wp\/v2\/media?parent=12"}],"curies":[{"name":"wp","href":"https:\/\/api.w.org\/{rel}","templated":true}]}}