{"id":3747,"date":"2024-01-28T11:53:16","date_gmt":"2024-01-28T17:53:16","guid":{"rendered":"https:\/\/mavdesignscr.com\/?page_id=3747"},"modified":"2024-03-12T13:27:50","modified_gmt":"2024-03-12T19:27:50","slug":"terminos","status":"publish","type":"page","link":"https:\/\/mavdesignscr.com\/en\/terminos\/","title":{"rendered":"T\u00e9rminos &#038; Condiciones"},"content":{"rendered":"<div data-elementor-type=\"wp-page\" data-elementor-id=\"3747\" class=\"elementor elementor-3747\" data-elementor-settings=\"{&quot;premium_particles_zindex&quot;:0,&quot;premium_particles_responsive&quot;:[&quot;desktop&quot;,&quot;tablet&quot;,&quot;mobile&quot;]}\" data-elementor-post-type=\"page\">\n\t\t\t\t<div class=\"elementor-element elementor-element-fcb2bba e-con-full e-flex e-con e-parent\" data-id=\"fcb2bba\" data-element_type=\"container\" data-settings=\"{&quot;premium_particles_zindex&quot;:0,&quot;premium_particles_responsive&quot;:[&quot;desktop&quot;,&quot;tablet&quot;,&quot;mobile&quot;]}\">\n\t\t\t\t<div class=\"elementor-element elementor-element-b8a82e4 elementor-widget elementor-widget-heading\" data-id=\"b8a82e4\" data-element_type=\"widget\" data-widget_type=\"heading.default\">\n\t\t\t\t<div class=\"elementor-widget-container\">\n\t\t\t<style>\/*! elementor - v3.22.0 - 24-06-2024 *\/\n.elementor-heading-title{padding:0;margin:0;line-height:1}.elementor-widget-heading .elementor-heading-title[class*=elementor-size-]>a{color:inherit;font-size:inherit;line-height:inherit}.elementor-widget-heading .elementor-heading-title.elementor-size-small{font-size:15px}.elementor-widget-heading .elementor-heading-title.elementor-size-medium{font-size:19px}.elementor-widget-heading .elementor-heading-title.elementor-size-large{font-size:29px}.elementor-widget-heading .elementor-heading-title.elementor-size-xl{font-size:39px}.elementor-widget-heading .elementor-heading-title.elementor-size-xxl{font-size:59px}<\/style><h1 class=\"elementor-heading-title elementor-size-default\">T\u00e9rminos &#038; Condiciones<\/h1>\t\t<\/div>\n\t\t\t\t<\/div>\n\t\t\t\t<div class=\"elementor-element elementor-element-b009475 elementor-widget elementor-widget-text-editor\" data-id=\"b009475\" data-element_type=\"widget\" data-widget_type=\"text-editor.default\">\n\t\t\t\t<div class=\"elementor-widget-container\">\n\t\t\t<style>\/*! elementor - v3.22.0 - 24-06-2024 *\/\n.elementor-widget-text-editor.elementor-drop-cap-view-stacked .elementor-drop-cap{background-color:#69727d;color:#fff}.elementor-widget-text-editor.elementor-drop-cap-view-framed .elementor-drop-cap{color:#69727d;border:3px solid;background-color:transparent}.elementor-widget-text-editor:not(.elementor-drop-cap-view-default) .elementor-drop-cap{margin-top:8px}.elementor-widget-text-editor:not(.elementor-drop-cap-view-default) .elementor-drop-cap-letter{width:1em;height:1em}.elementor-widget-text-editor .elementor-drop-cap{float:left;text-align:center;line-height:1;font-size:50px}.elementor-widget-text-editor .elementor-drop-cap-letter{display:inline-block}<\/style>\t\t\t\t<h2><strong>Condiciones Generales<\/strong><\/h2><p>El sistema de compras en l\u00ednea es propiedad de <strong>Mar\u00eda Alvarado V. Ced. 2-0825-0236 <\/strong>(en adelante El Propietario) due\u00f1a de <a href=\"https:\/\/mavdesignscr.com\/en\/\">www.mavdesignscr.com<\/a>, quien le otorga por este medio a sus clientes mayores de dieciocho a\u00f1os, la posibilidad de utilizarlo y adquirir cualquiera de los bienes contenidos en la tienda virtual.<\/p><h2><strong>Sistema de compras en l\u00ednea<\/strong><\/h2><p>Previo a la utilizaci\u00f3n del sistema de compras en l\u00ednea, el usuario deber\u00e1 conocer y aceptar los siguientes t\u00e9rminos y condiciones, los cuales regular\u00e1n el uso del sistema en menci\u00f3n y\/o cualquier compra que se efect\u00fae por este medio. Por consiguiente, al utilizar el sistema de compras en l\u00ednea dar\u00e1 por entendido la aceptaci\u00f3n previa del usuario de las condiciones establecidas por El Propietario para la utilizaci\u00f3n del presente sistema.<\/p><h2><strong>Sobre la titularidad y propiedad intelectual<\/strong><\/h2><p>La plataforma de compras en l\u00ednea responde a un programa de c\u00f3mputo que ha sido dise\u00f1ado por El Propietario. La titularidad del mismo le corresponde a dicha persona. Todo el contenido del programa de c\u00f3mputo, las marcas, nombres comerciales, emblemas, signos distintivos, expresiones o se\u00f1ales de publicidad comercial, im\u00e1genes, texto o videos, entre otros, son propiedad de El Propietario o posee los derechos para explotarlos y se encuentran protegidos por la Ley Sobre Derechos de Autor y Derechos Conexos, la Ley de Marcas y Otros Signos Distintivos y cualquier otra norma de car\u00e1cter nacional, o bien, por convenciones o tratados internacionales.<\/p><h2><strong>Alcance<\/strong><\/h2><p>La plataforma de compras en l\u00ednea posee restricci\u00f3n territorial de entrega, las compras podr\u00e1n ser efectuadas desde cualquier parte del mundo pero con entrega \u00fanicamente en Costa Rica.<\/p>\t\t\t\t\t\t<\/div>\n\t\t\t\t<\/div>\n\t\t\t\t<div class=\"elementor-element elementor-element-9eb71ba elementor-widget elementor-widget-shortcode\" data-id=\"9eb71ba\" data-element_type=\"widget\" data-widget_type=\"shortcode.default\">\n\t\t\t\t<div class=\"elementor-widget-container\">\n\t\t\t\t\t<div class=\"elementor-shortcode\">\t\t<div data-elementor-type=\"section\" data-elementor-id=\"3732\" class=\"elementor elementor-3732\" data-elementor-settings=\"{&quot;premium_particles_zindex&quot;:0,&quot;premium_particles_responsive&quot;:[&quot;desktop&quot;,&quot;tablet&quot;,&quot;mobile&quot;]}\" data-elementor-post-type=\"elementor_library\">\n\t\t\t\t\t<div class=\"elementor-section-wrap\">\n\t\t\t\t\t\t<div class=\"elementor-element elementor-element-e76d6a1 e-con-full e-flex e-con e-parent\" data-id=\"e76d6a1\" data-element_type=\"container\" data-settings=\"{&quot;premium_particles_zindex&quot;:0,&quot;premium_particles_responsive&quot;:[&quot;desktop&quot;,&quot;tablet&quot;,&quot;mobile&quot;]}\">\n\t\t\t\t<div class=\"elementor-element elementor-element-e19c985 elementor-widget elementor-widget-text-editor\" data-id=\"e19c985\" data-element_type=\"widget\" data-widget_type=\"text-editor.default\">\n\t\t\t\t<div class=\"elementor-widget-container\">\n\t\t\t\t\t\t\t<h2><strong>De la informaci\u00f3n brindada y la privacidad de la misma<\/strong><\/h2><p>De conformidad con la Ley de Protecci\u00f3n de la Persona Frente al Tratamiento de sus Datos Personales y de previo a la utilizaci\u00f3n del sistema de compras en l\u00ednea, el cliente manifiesta expresamente que conoce y acepta las siguientes condiciones sobre el almacenamiento y tratamiento que recibir\u00e1n sus datos personales, sensibles, de acceso irrestricto y de acceso restringido, los cuales se detallan a continuaci\u00f3n:<\/p><ol><li>Que existe una base de datos de car\u00e1cter personal que El Propietario posee para el almacenamiento y tratamiento de datos personales, en virtud de los servicios de venta que presta a sus clientes.<\/li><li>Que la finalidad que persigue El Propietario con la recolecci\u00f3n de estos datos personales es conocer el perfil de los clientes, actuales o potenciales, que deseen realizar compras por medio del sistema de compras en l\u00ednea y para conocer si usted es una persona con las caracter\u00edsticas requeridas para ser y continuar siendo cliente de El Propietario. Los datos personales podr\u00e1n ser usados por El Propietario para efectos del tr\u00e1mite y aprobaci\u00f3n de solicitudes de compra en l\u00ednea, servicios, as\u00ed como la prospecci\u00f3n y ofrecimiento de otros productos y servicios.<\/li><li>Que los destinatarios de los datos personales, as\u00ed como las personas que podr\u00e1n consultar los mismos ser\u00e1n El Propietario, sus colaboradores (dependientes o independientes), sus asesores (dependientes o independientes), sus socios o accionistas, sus acreedores, los corresponsales de El Propietario y las autoridades regulatorias y de supervisi\u00f3n.<\/li><li>Que las respuestas a las preguntas que se formulen durante el proceso de recolecci\u00f3n de los datos tienen car\u00e1cter obligatorio, de forma tal que si El Propietario recibe informaci\u00f3n incompleta su solicitud ser\u00e1 denegada.<\/li><li>Que el tratamiento que El Propietario dar\u00e1 a los datos personales solicitados ser\u00e1 de an\u00e1lisis para determinar la viabilidad de la solicitud de compra, as\u00ed como su posterior almacenamiento en una base de datos manual y\/o electr\u00f3nica que El Propietario mantiene con fines exclusivamente internos.<\/li><li>Que el cliente tiene el derecho de suministrar o no los datos que solicita El Propietario. No obstante, en el caso de que se niegue a suministrar la informaci\u00f3n requerida por El Propietario, en los t\u00e9rminos y en el momento solicitado, El Propietario podr\u00e1 en forma unilateral, inconsulta y autom\u00e1tica, rechazar la prestaci\u00f3n de los servicios solicitados o suspender el servicio o terminar cualquier relaci\u00f3n contractual sin responsabilidad para El Propietario.<\/li><li>Que en virtud de la ley antes indicada, al cliente le asisten una serie de derechos en relaci\u00f3n con la informaci\u00f3n personal que brinde a El Propietario como lo es el derecho de solicitar la rectificaci\u00f3n, actualizaci\u00f3n o eliminaci\u00f3n de la informaci\u00f3n brindada, siendo que la informaci\u00f3n brindada siempre ser\u00e1 de propiedad del cliente.<\/li><li>Que el responsable de la base de datos ser\u00e1 el El Propietario.<\/li><li>El Propietario con ocasi\u00f3n de y para la efectiva prestaci\u00f3n de los servicios solicitados u ofrecidos, podr\u00e1 recopilar, comprar, verificar y consultar los datos personales existentes en otras bases de datos suministradas por terceras personas.<\/li><li>El Propietario podr\u00e1 ceder, transferir e intercambiar los datos personales que obtenga y mantenga en su base de datos a lo interno de El Propietario y con terceras personas, ubicadas fuera del \u00e1mbito interno de El Propietario, que prestan o prestar\u00e1n servicios a El Propietario, tales como, pero no limitadas a colaboradores, asesores, socios, acreedores, corresponsales, las autoridades regulatorias y de supervisi\u00f3n de El Propietario, autoridades gubernamentales, centrales de riesgo, agencias de cobro y la Unidad de Inteligencia Financiera del Instituto Costarricense sobre Drogas (ICD); en el entendido que dicha informaci\u00f3n igualmente no ser\u00e1 vendida ni de cualquier otra manera comercializada, lo anterior con ocasi\u00f3n de y para la efectiva prestaci\u00f3n de los servicios solicitados u ofrecidos por El Propietario.<\/li><\/ol><h3>Control de su informaci\u00f3n personal<\/h3><p>En cualquier momento usted puede restringir la recopilaci\u00f3n o el uso de la informaci\u00f3n personal que es proporcionada a nuestro sitio web. Cada vez que se le solicite rellenar un formulario, como el de alta de usuario, puede marcar o desmarcar la opci\u00f3n de recibir informaci\u00f3n por correo electr\u00f3nico. En caso de que haya marcado la opci\u00f3n de recibir nuestro bolet\u00edn o publicidad usted puede cancelarla en cualquier momento. El Propietario no vender\u00e1, ceder\u00e1 ni distribuir\u00e1 la informaci\u00f3n personal que es recopilada sin su consentimiento, salvo que sea requerido por un juez con un orden judicial o para el procesamiento de la compra de servicios y\/o art\u00edculos digitales y\/o f\u00edsicos descritos en los t\u00e9rminos y condiciones de nuestro sitio web. El Propietario se reserva el derecho de cambiar los t\u00e9rminos de la presente Pol\u00edtica de Privacidad en cualquier momento.<\/p><p>Conozco los alcances, derechos y prohibiciones de la Ley No. 8968, Ley de Protecci\u00f3n de la Persona frente al Tratamiento de sus Datos Personales y que dicha autorizaci\u00f3n es para beneficiar mi posici\u00f3n de usuario del Sistema Financiero, Comercial y Profesional, con inter\u00e9s leg\u00edtimo para acelerar los tr\u00e1mites y solicitudes que sean necesarios realizar.<\/p><p>Doy fe que conozco y acepto que seg\u00fan ART 5.1 de la Ley No.8968:<\/p><ol><li>De la existencia de una base de datos manejada por El Propietario.<\/li><li>De los fines que se persiguen con la recolecci\u00f3n de estos datos.<\/li><li>De los destinatarios de la informaci\u00f3n, as\u00ed como de quienes podr\u00e1n consultarla.<\/li><li>Del car\u00e1cter obligatorio o facultativo de sus respuestas a las preguntas que se le formulen durante la recolecci\u00f3n de los datos.<\/li><li>Del tratamiento que se dar\u00e1 a los datos solicitados.<\/li><li>De las consecuencias de la negativa a suministrar los datos.<\/li><li>De la posibilidad de ejercer los derechos que la Ley No. 8968 me asisten.<\/li><li>De la identidad y direcci\u00f3n del responsable de la administraci\u00f3n de la base de datos.<\/li><\/ol><p>La negativa de entregar los datos tendr\u00e1 como consecuencia \u00fanica el desechar su solicitud del servicio brindado por El Propietario.<\/p>\t\t\t\t\t\t<\/div>\n\t\t\t\t<\/div>\n\t\t\t\t<\/div>\n\t\t\t\t\t\t\t<\/div>\n\t\t\t\t<\/div>\n\t\t<\/div>\n\t\t\t\t<\/div>\n\t\t\t\t<\/div>\n\t\t\t\t<div class=\"elementor-element elementor-element-b8eb19b elementor-widget elementor-widget-text-editor\" data-id=\"b8eb19b\" data-element_type=\"widget\" data-widget_type=\"text-editor.default\">\n\t\t\t\t<div class=\"elementor-widget-container\">\n\t\t\t\t\t\t\t<h2><strong>Sobre los precios<\/strong><\/h2><p>Los precios estipulados en el sistema de compras en l\u00ednea est\u00e1n expresados en XXXXXXXXXXX y ser\u00e1n aplicables \u00fanicamente a las adquisiciones efectuadas por este medio y relacionadas con los art\u00edculos contenidos en el cat\u00e1logo de productos del mismo sistema. Por consiguiente, se aclara que los precios indicados para las compras en l\u00ednea no ser\u00e1n aplicables en la adquisici\u00f3n de art\u00edculos en puntos de venta f\u00edsicos ubicados en el territorio de Costa Rica, adem\u00e1s ninguna promoci\u00f3n o descuento vigente en puntos de venta f\u00edsicos ser\u00e1n aplicables a los precios contenidos en el cat\u00e1logo de precios para compras realizadas en l\u00ednea. Asimismo, todos los precios indicados incluyen el impuesto al valor agregado y cualquier otro impuesto que las autoridades de Costa Rica determinen en el futuro. Los precios indican claramente que el impuesto est\u00e1 agregado al precio por medio de una leyenda.<\/p><h2><strong>Forma de pago<\/strong><\/h2><p>Para realizar cualquier compra por medio del sistema de compras en l\u00ednea, el usuario podr\u00e1 utilizar el siguiente medio de pago:<\/p><ul><li>Transferencia a cuentas bancarias.<\/li><li>Tarjeta D\u00e9bito y\/o Cr\u00e9dito.<\/li><li>SINPE M\u00f3vil.<\/li><\/ul><h2><strong>Disponibilidad del Producto<\/strong><\/h2><p>El producto est\u00e1 disponible siempre que pueda agregarlo a su carrito.<\/p><h2><strong>T\u00e9rminos &amp; Condiciones de compras<br \/><\/strong><\/h2><p>De previo a la utilizaci\u00f3n del sistema de compras en l\u00ednea, el usuario deber\u00e1 conocer y aceptar los siguientes t\u00e9rminos y condiciones de compra, los cuales regular\u00e1n, de forma irrestricta cualquier compra que se efect\u00fae por este medio.<\/p>\t\t\t\t\t\t<\/div>\n\t\t\t\t<\/div>\n\t\t\t\t<div class=\"elementor-element elementor-element-f30f6e3 elementor-widget elementor-widget-shortcode\" data-id=\"f30f6e3\" data-element_type=\"widget\" data-widget_type=\"shortcode.default\">\n\t\t\t\t<div class=\"elementor-widget-container\">\n\t\t\t\t\t<div class=\"elementor-shortcode\">\t\t<div data-elementor-type=\"section\" data-elementor-id=\"3711\" class=\"elementor elementor-3711\" data-elementor-settings=\"{&quot;premium_particles_zindex&quot;:0,&quot;premium_particles_responsive&quot;:[&quot;desktop&quot;,&quot;tablet&quot;,&quot;mobile&quot;]}\" data-elementor-post-type=\"elementor_library\">\n\t\t\t\t\t<div class=\"elementor-section-wrap\">\n\t\t\t\t\t\t<div class=\"elementor-element elementor-element-b6fa05f e-con-full e-flex e-con e-parent\" data-id=\"b6fa05f\" data-element_type=\"container\" data-settings=\"{&quot;premium_particles_zindex&quot;:0,&quot;premium_particles_responsive&quot;:[&quot;desktop&quot;,&quot;tablet&quot;,&quot;mobile&quot;]}\">\n\t\t\t\t<div class=\"elementor-element elementor-element-530b337 elementor-widget elementor-widget-text-editor\" data-id=\"530b337\" data-element_type=\"widget\" data-widget_type=\"text-editor.default\">\n\t\t\t\t<div class=\"elementor-widget-container\">\n\t\t\t\t\t\t\t<h4><strong>Nuestras compras son en firme y NO hacemos devoluciones de dinero o cambios por gusto del cliente.<\/strong><\/h4><h3><strong>Garant\u00eda de compras<\/strong><\/h3><p>Con respecto a garant\u00eda de nuestras prendas, es una figura de aplicaci\u00f3n obligatoria para todo comerciante de conformidad con lo establecido por el 43 de la Ley de Promoci\u00f3n de la Competencia y Defensa Efectiva del Consumidor (Ley del Consumidor de Costa Rica), seg\u00fan la norma, todo bien que se venda o servicio que se preste debe estar impl\u00edcitamente garantizado por El Comercio en cuanto al cumplimiento de los est\u00e1ndares de calidad y los requerimientos t\u00e9cnicos que, por razones de salud, medio ambiente y seguridad que establezcan las leyes y las normas respectivas, dictadas por la Administraci\u00f3n P\u00fablica.<\/p><p>La Pol\u00edtica de Cambios se refiere a cambios por un defecto de la prenda y\/o cambio por talla y NO por gusto del cliente<strong>.<\/strong><\/p><h4><strong>Cuando aplica para cambios:<\/strong><\/h4><ul><li>Si la prenda tiene defectos de f\u00e1brica<\/li><li>Cambios por talla<\/li><\/ul><p>Puedes cambiar tu prenda si no te qued\u00f3 por la talla correcta, Si no hay disponible porque est\u00e1 agotado el estilo, puedes buscar otra prenda de tu talla y pagar la diferencia.<\/p><h4><strong>Condiciones para cambios<\/strong>:<\/h4><ul><li>Presentar tiquete de compra<\/li><li>Debe que venir con etiqueta<\/li><li>No puedes estar usada ni manchada<\/li><li>Tienes un mes de tiempo para el cambio<\/li><\/ul><p>Si no encontraste algo de tu talla. no te preocupes, nuestras asesoras te avisar\u00e1n cuando entre mercader\u00eda nueva para que puedas cambiar el estilo, pedimos mercader\u00eda nueva cada 22 d\u00edas.<\/p><h4><strong>Reembolsos:<\/strong><\/h4><p><strong>Nuestras compras son en firme y NO hacemos devoluciones de dinero<\/strong>, si su solicitud de reebolso cumple con los t\u00e9rminos y condiciones de la tienda, <span style=\"text-decoration: underline;\">procesaremos el reembolso de acuerdo con el m\u00e9todo de pago original utilizado para la compra, <strong>descontando un 10%<\/strong> equivalente al costo de procesamiento bancario y el costo administrativo sobre el monto total de la compra sin excepciones<\/span>.<\/p><h3><strong>Consultas<\/strong><\/h3><p>Para cualquier consulta por favor comun\u00edquese con nosotros a:<\/p><ul><li><a href=\"mailto:tienda@mavdesignscr.com\">tienda@mavdesignscr.com<\/a> o al nuestro de WhatsApp: <a href=\"https:\/\/wa.me\/50661700805\" target=\"_blank\" rel=\"noopener\">6170-0805<\/a><\/li><li><strong>Horarios de atenci\u00f3n de consultas:<\/strong> De Lunes a Viernes de 9:00am a 5:00pm y S\u00e1bados de 9:00am a 12:00md.<\/li><\/ul>\t\t\t\t\t\t<\/div>\n\t\t\t\t<\/div>\n\t\t\t\t<\/div>\n\t\t\t\t\t\t\t<\/div>\n\t\t\t\t<\/div>\n\t\t<\/div>\n\t\t\t\t<\/div>\n\t\t\t\t<\/div>\n\t\t\t\t<div class=\"elementor-element elementor-element-0d0d358 elementor-widget elementor-widget-text-editor\" data-id=\"0d0d358\" data-element_type=\"widget\" data-widget_type=\"text-editor.default\">\n\t\t\t\t<div class=\"elementor-widget-container\">\n\t\t\t\t\t\t\t<h3><strong>T\u00e9rminos y Condiciones para el uso del cup\u00f3n de cumplea\u00f1os<\/strong><\/h3><ul><li>Debes tener una cuenta activa en la tienda en l\u00ednea<\/li><li>NO es transferible<\/li><li>NO aplica para compras en tienda f\u00edsica<\/li><li>Cup\u00f3n v\u00e1lido para una(1) compra.<\/li><li>Aplica para compras m\u00ednimas de \u20a125,000.00.<\/li><li>Descuento m\u00e1ximo de \u20a17,500.00.<\/li><li>No aplica con art\u00edculos en oferta.<\/li><li>Solo aplica si el art\u00edculo no est\u00e1 en oferta.<\/li><li>Solo aplica si hay art\u00edculos en el carrito que no est\u00e1n en oferta.<\/li><li>V\u00e1lido hasta la fecha indicada en el correo electr\u00f3nico donde se env\u00eda el c\u00f3digo.<\/li><\/ul><h2><strong>Acepteci\u00f3n del servicio<\/strong><\/h2><p>Con su utilizaci\u00f3n, el SUSCRIPTOR \/ USUARIO acepta de manera plena y sin reserva, todos y cada uno de los presentes t\u00e9rminos y condiciones, y se compromete a cumplirlos. De igual manera acepta que seguir\u00e1 las instrucciones que se encuentran en la plataforma digital. En el evento en que no est\u00e9 de acuerdo con los presentes t\u00e9rminos y condiciones, debe abstenerse de utilizar la plataforma, e informarlo directamente a El Propietario.<\/p>\t\t\t\t\t\t<\/div>\n\t\t\t\t<\/div>\n\t\t\t\t<\/div>\n\t\t\t\t<\/div>","protected":false},"excerpt":{"rendered":"<p>Condiciones Generales El sistema de compras en l\u00ednea es propiedad de Mar\u00eda Alvarado V. Ced. 2-0825-0236 (en adelante El Propietario) due\u00f1a de www.mavdesignscr.com, quien le otorga por este medio a sus clientes mayores de dieciocho a\u00f1os, la posibilidad de utilizarlo y adquirir cualquiera de los bienes contenidos en la tienda virtual. Sistema de compras en l\u00ednea Previo a la utilizaci\u00f3n\u2026<\/p>","protected":false},"author":2,"featured_media":0,"parent":0,"menu_order":0,"comment_status":"closed","ping_status":"closed","template":"","meta":{"footnotes":""},"class_list":["post-3747","page","type-page","status-publish","hentry"],"_links":{"self":[{"href":"https:\/\/mavdesignscr.com\/en\/wp-json\/wp\/v2\/pages\/3747","targetHints":{"allow":["GET"]}}],"collection":[{"href":"https:\/\/mavdesignscr.com\/en\/wp-json\/wp\/v2\/pages"}],"about":[{"href":"https:\/\/mavdesignscr.com\/en\/wp-json\/wp\/v2\/types\/page"}],"author":[{"embeddable":true,"href":"https:\/\/mavdesignscr.com\/en\/wp-json\/wp\/v2\/users\/2"}],"replies":[{"embeddable":true,"href":"https:\/\/mavdesignscr.com\/en\/wp-json\/wp\/v2\/comments?post=3747"}],"version-history":[{"count":34,"href":"https:\/\/mavdesignscr.com\/en\/wp-json\/wp\/v2\/pages\/3747\/revisions"}],"predecessor-version":[{"id":4398,"href":"https:\/\/mavdesignscr.com\/en\/wp-json\/wp\/v2\/pages\/3747\/revisions\/4398"}],"wp:attachment":[{"href":"https:\/\/mavdesignscr.com\/en\/wp-json\/wp\/v2\/media?parent=3747"}],"curies":[{"name":"wp","href":"https:\/\/api.w.org\/{rel}","templated":true}]}}