{"id":3018,"date":"2024-01-22T09:41:12","date_gmt":"2024-01-22T15:41:12","guid":{"rendered":"https:\/\/mavdesignscr.com\/?post_type=product&#038;p=3018"},"modified":"2024-04-06T14:41:45","modified_gmt":"2024-04-06T20:41:45","slug":"bikini-de-dos-piezas-blanco","status":"publish","type":"product","link":"https:\/\/mavdesignscr.com\/en\/product\/bikini-de-dos-piezas-blanco\/","title":{"rendered":"Bikini de 2 piezas blanco"},"content":{"rendered":"<p>Deslumbra bajo el sol con nuestro elegante bikini de dos piezas en un radiante color blanco. El top presenta un dise\u00f1o triangular con amarre, que a\u00f1ade un toque de estilo y feminidad a tu look playero. Los amarres en las caderas del bikini completan el conjunto, ofreciendo un ajuste personalizado y c\u00f3modo. Confeccionado con tejidos de alta calidad, este bikini no solo es elegante, sino tambi\u00e9n c\u00f3modo de llevar. Perfecto para relajarte en la playa o disfrutar de la piscina, este bikini es una opci\u00f3n imprescindible para tus d\u00edas de verano. Atr\u00e9vete a lucir radiante y a la moda con este impresionante bikini blanco de dos piezas.<\/p>","protected":false},"excerpt":{"rendered":"<p>Deslumbra bajo el sol con nuestro elegante bikini de dos piezas en un radiante color blanco. El top presenta un dise\u00f1o triangular con amarre, que a\u00f1ade un toque de estilo y feminidad a tu look playero. Los amarres en las caderas del bikini completan el conjunto, ofreciendo un ajuste personalizado y c\u00f3modo. Confeccionado con tejidos de alta calidad, este bikini no solo es elegante, sino tambi\u00e9n c\u00f3modo de llevar. Perfecto para relajarte en la playa o disfrutar de la piscina, este bikini es una opci\u00f3n imprescindible para tus d\u00edas de verano. Atr\u00e9vete a lucir radiante y a la moda con este impresionante bikini blanco de dos piezas.<\/p>","protected":false},"featured_media":4168,"comment_status":"open","ping_status":"closed","template":"","meta":[],"product_cat":[15,85,60],"product_tag":[44,46],"class_list":{"0":"post-3018","1":"product","2":"type-product","3":"status-publish","4":"has-post-thumbnail","6":"product_cat-general","7":"product_cat-bikinis-salidas-de-playa","8":"product_cat-bikinis","9":"product_tag-fashion","10":"product_tag-women","12":"first","13":"instock","14":"taxable","15":"shipping-taxable","16":"purchasable","17":"product-type-variable"},"_links":{"self":[{"href":"https:\/\/mavdesignscr.com\/en\/wp-json\/wp\/v2\/product\/3018","targetHints":{"allow":["GET"]}}],"collection":[{"href":"https:\/\/mavdesignscr.com\/en\/wp-json\/wp\/v2\/product"}],"about":[{"href":"https:\/\/mavdesignscr.com\/en\/wp-json\/wp\/v2\/types\/product"}],"replies":[{"embeddable":true,"href":"https:\/\/mavdesignscr.com\/en\/wp-json\/wp\/v2\/comments?post=3018"}],"wp:featuredmedia":[{"embeddable":true,"href":"https:\/\/mavdesignscr.com\/en\/wp-json\/wp\/v2\/media\/4168"}],"wp:attachment":[{"href":"https:\/\/mavdesignscr.com\/en\/wp-json\/wp\/v2\/media?parent=3018"}],"wp:term":[{"taxonomy":"product_cat","embeddable":true,"href":"https:\/\/mavdesignscr.com\/en\/wp-json\/wp\/v2\/product_cat?post=3018"},{"taxonomy":"product_tag","embeddable":true,"href":"https:\/\/mavdesignscr.com\/en\/wp-json\/wp\/v2\/product_tag?post=3018"}],"curies":[{"name":"wp","href":"https:\/\/api.w.org\/{rel}","templated":true}]}}