{"id":3022,"date":"2024-01-22T09:45:12","date_gmt":"2024-01-22T15:45:12","guid":{"rendered":"https:\/\/mavdesignscr.com\/?post_type=product&#038;p=3022"},"modified":"2025-04-03T15:40:35","modified_gmt":"2025-04-03T21:40:35","slug":"vestido-de-gala-esmeralda-con-detalles-en-diamantina","status":"publish","type":"product","link":"https:\/\/mavdesignscr.com\/en\/product\/vestido-de-gala-esmeralda-con-detalles-en-diamantina\/","title":{"rendered":"Vestido linea normal con detalles en diamantina"},"content":{"rendered":"<p>Haz una entrada majestuosa con nuestro deslumbrante Vestido de Gala en un cautivador tono esmeralda, dise\u00f1ado con un corte ajustado y hombros descubiertos. Este magn\u00edfico vestido fusiona la elegancia atemporal con un toque de sensualidad, ofreci\u00e9ndote un look que captura la esencia misma del glamour. Confeccionado con tela de la m\u00e1s alta calidad y una meticulosa atenci\u00f3n al detalle, este vestido garantiza un ajuste ce\u00f1ido que realza tus curvas y te hace sentir segura y deslumbrante.<\/p>\n<p>El color esmeralda, rico y vibrante, evoca una sensaci\u00f3n de lujo y sofisticaci\u00f3n, mientras que el dise\u00f1o de hombros descubiertos a\u00f1ade un toque de sensualidad y gracia al conjunto. Ya sea para una gala de caridad, una cena de gala o un evento de alto perfil, este vestido est\u00e1 dise\u00f1ado para robar miradas y dejar una impresi\u00f3n imborrable. Los detalles exquisitos, como el escote elegante y la silueta ajustada, a\u00f1aden un toque de glamour y sofisticaci\u00f3n a tu look.<\/p>","protected":false},"excerpt":{"rendered":"<p>Haz una entrada majestuosa con nuestro deslumbrante Vestido de Gala en un cautivador tono esmeralda, dise\u00f1ado con un corte ajustado y hombros descubiertos. Este magn\u00edfico vestido fusiona la elegancia atemporal con un toque de sensualidad, ofreci\u00e9ndote un look que captura la esencia misma del glamour. Confeccionado con tela de la m\u00e1s alta calidad y una meticulosa atenci\u00f3n al detalle, este vestido garantiza un ajuste ce\u00f1ido que realza tus curvas y te hace sentir segura y deslumbrante.<\/p>\n<p>El color esmeralda, rico y vibrante, evoca una sensaci\u00f3n de lujo y sofisticaci\u00f3n, mientras que el dise\u00f1o de hombros descubiertos a\u00f1ade un toque de sensualidad y gracia al conjunto. Ya sea para una gala de caridad, una cena de gala o un evento de alto perfil, este vestido est\u00e1 dise\u00f1ado para robar miradas y dejar una impresi\u00f3n imborrable. Los detalles exquisitos, como el escote elegante y la silueta ajustada, a\u00f1aden un toque de glamour y sofisticaci\u00f3n a tu look.<\/p>","protected":false},"featured_media":4152,"comment_status":"open","ping_status":"closed","template":"","meta":[],"product_cat":[15,63],"product_tag":[44,46],"class_list":{"0":"post-3022","1":"product","2":"type-product","3":"status-publish","4":"has-post-thumbnail","6":"product_cat-general","7":"product_cat-vestidos-gala","8":"product_tag-fashion","9":"product_tag-women","11":"first","12":"instock","13":"featured","14":"taxable","15":"shipping-taxable","16":"purchasable","17":"product-type-variable"},"_links":{"self":[{"href":"https:\/\/mavdesignscr.com\/en\/wp-json\/wp\/v2\/product\/3022","targetHints":{"allow":["GET"]}}],"collection":[{"href":"https:\/\/mavdesignscr.com\/en\/wp-json\/wp\/v2\/product"}],"about":[{"href":"https:\/\/mavdesignscr.com\/en\/wp-json\/wp\/v2\/types\/product"}],"replies":[{"embeddable":true,"href":"https:\/\/mavdesignscr.com\/en\/wp-json\/wp\/v2\/comments?post=3022"}],"wp:featuredmedia":[{"embeddable":true,"href":"https:\/\/mavdesignscr.com\/en\/wp-json\/wp\/v2\/media\/4152"}],"wp:attachment":[{"href":"https:\/\/mavdesignscr.com\/en\/wp-json\/wp\/v2\/media?parent=3022"}],"wp:term":[{"taxonomy":"product_cat","embeddable":true,"href":"https:\/\/mavdesignscr.com\/en\/wp-json\/wp\/v2\/product_cat?post=3022"},{"taxonomy":"product_tag","embeddable":true,"href":"https:\/\/mavdesignscr.com\/en\/wp-json\/wp\/v2\/product_tag?post=3022"}],"curies":[{"name":"wp","href":"https:\/\/api.w.org\/{rel}","templated":true}]}}