{"id":4182,"date":"2024-01-22T09:10:11","date_gmt":"2024-01-22T15:10:11","guid":{"rendered":"https:\/\/mavdesignscr.com\/?post_type=product&#038;p=4182"},"modified":"2024-04-05T16:38:55","modified_gmt":"2024-04-05T22:38:55","slug":"salida-de-playa-conjunto-en-color-negro-y-blanco","status":"publish","type":"product","link":"https:\/\/mavdesignscr.com\/en\/product\/salida-de-playa-conjunto-en-color-negro-y-blanco\/","title":{"rendered":"Salida de playa conjunto en color negro y blanco"},"content":{"rendered":"<p>A\u00f1ade un toque de elegancia bohemia a tu look playero con nuestra cautivadora salida de playa de crochet en un intenso color negro. Esta pieza presenta un exquisito dise\u00f1o tejido a mano que evoca un estilo artesanal y sofisticado. El color negro cl\u00e1sico a\u00f1ade un toque de glamour y versatilidad, permiti\u00e9ndote combinar esta salida de playa con cualquier traje de ba\u00f1o. Ligera y transpirable, es perfecta para protegerte del sol mientras disfrutas de la brisa marina. Ya sea para pasear por la playa al atardecer o para relajarte en un chiringuito junto al mar, esta salida de playa es el complemento perfecto para tus d\u00edas de verano. Atr\u00e9vete a lucir radiante y a la moda con esta impresionante salida de playa de crochet en negro que seguramente robar\u00e1 miradas en tus escapadas de verano.<\/p>","protected":false},"excerpt":{"rendered":"<p>A\u00f1ade un toque de elegancia bohemia a tu look playero con nuestra cautivadora salida de playa de crochet en un intenso color negro. Esta pieza presenta un exquisito dise\u00f1o tejido a mano que evoca un estilo artesanal y sofisticado. El color negro cl\u00e1sico a\u00f1ade un toque de glamour y versatilidad, permiti\u00e9ndote combinar esta salida de playa con cualquier traje de ba\u00f1o. Ligera y transpirable, es perfecta para protegerte del sol mientras disfrutas de la brisa marina. Ya sea para pasear por la playa al atardecer o para relajarte en un chiringuito junto al mar, esta salida de playa es el complemento perfecto para tus d\u00edas de verano. Atr\u00e9vete a lucir radiante y a la moda con esta impresionante salida de playa de crochet en negro que seguramente robar\u00e1 miradas en tus escapadas de verano.<\/p>","protected":false},"featured_media":4183,"comment_status":"open","ping_status":"closed","template":"","meta":[],"product_cat":[15,85,61],"product_tag":[44,46],"class_list":{"0":"post-4182","1":"product","2":"type-product","3":"status-publish","4":"has-post-thumbnail","6":"product_cat-general","7":"product_cat-bikinis-salidas-de-playa","8":"product_cat-salidas-playa","9":"product_tag-fashion","10":"product_tag-women","12":"first","13":"outofstock","14":"taxable","15":"shipping-taxable","16":"purchasable","17":"product-type-simple"},"_links":{"self":[{"href":"https:\/\/mavdesignscr.com\/en\/wp-json\/wp\/v2\/product\/4182","targetHints":{"allow":["GET"]}}],"collection":[{"href":"https:\/\/mavdesignscr.com\/en\/wp-json\/wp\/v2\/product"}],"about":[{"href":"https:\/\/mavdesignscr.com\/en\/wp-json\/wp\/v2\/types\/product"}],"replies":[{"embeddable":true,"href":"https:\/\/mavdesignscr.com\/en\/wp-json\/wp\/v2\/comments?post=4182"}],"wp:featuredmedia":[{"embeddable":true,"href":"https:\/\/mavdesignscr.com\/en\/wp-json\/wp\/v2\/media\/4183"}],"wp:attachment":[{"href":"https:\/\/mavdesignscr.com\/en\/wp-json\/wp\/v2\/media?parent=4182"}],"wp:term":[{"taxonomy":"product_cat","embeddable":true,"href":"https:\/\/mavdesignscr.com\/en\/wp-json\/wp\/v2\/product_cat?post=4182"},{"taxonomy":"product_tag","embeddable":true,"href":"https:\/\/mavdesignscr.com\/en\/wp-json\/wp\/v2\/product_tag?post=4182"}],"curies":[{"name":"wp","href":"https:\/\/api.w.org\/{rel}","templated":true}]}}